{"id":1966,"date":"2022-05-23T22:50:44","date_gmt":"2022-05-23T22:50:44","guid":{"rendered":"https:\/\/pruebaagenciamarketing.com\/demo7\/?page_id=1966"},"modified":"2023-05-02T18:23:16","modified_gmt":"2023-05-02T18:23:16","slug":"prestamos","status":"publish","type":"page","link":"https:\/\/coopmef.org.uy\/index.php\/prestamos\/","title":{"rendered":"Prest\u00e1mos"},"content":{"rendered":"\t\t<div data-elementor-type=\"wp-page\" data-elementor-id=\"1966\" class=\"elementor elementor-1966\" data-elementor-post-type=\"page\">\n\t\t\t\t\t\t<section class=\"elementor-section elementor-top-section elementor-element elementor-element-74fb4cb elementor-section-boxed elementor-section-height-default elementor-section-height-default\" data-id=\"74fb4cb\" data-element_type=\"section\" data-e-type=\"section\">\n\t\t\t\t\t\t<div class=\"elementor-container elementor-column-gap-default\">\n\t\t\t\t\t<div class=\"elementor-column elementor-col-100 elementor-top-column elementor-element elementor-element-4f6d86e\" data-id=\"4f6d86e\" data-element_type=\"column\" data-e-type=\"column\">\n\t\t\t<div class=\"elementor-widget-wrap elementor-element-populated\">\n\t\t\t\t\t\t<div class=\"elementor-element elementor-element-5fc1e0f elementor-widget elementor-widget-spacer\" data-id=\"5fc1e0f\" data-element_type=\"widget\" data-e-type=\"widget\" data-widget_type=\"spacer.default\">\n\t\t\t\t<div class=\"elementor-widget-container\">\n\t\t\t\t\t\t\t<div class=\"elementor-spacer\">\n\t\t\t<div class=\"elementor-spacer-inner\"><\/div>\n\t\t<\/div>\n\t\t\t\t\t\t<\/div>\n\t\t\t\t<\/div>\n\t\t\t\t\t<\/div>\n\t\t<\/div>\n\t\t\t\t\t<\/div>\n\t\t<\/section>\n\t\t\t\t<section class=\"elementor-section elementor-top-section elementor-element elementor-element-5891e98 elementor-section-boxed elementor-section-height-default elementor-section-height-default\" data-id=\"5891e98\" data-element_type=\"section\" data-e-type=\"section\" data-settings=\"{&quot;background_background&quot;:&quot;classic&quot;}\">\n\t\t\t\t\t\t<div class=\"elementor-container elementor-column-gap-default\">\n\t\t\t\t\t<div class=\"elementor-column elementor-col-66 elementor-top-column elementor-element elementor-element-313c9ea elementor-invisible\" data-id=\"313c9ea\" data-element_type=\"column\" data-e-type=\"column\" data-settings=\"{&quot;animation&quot;:&quot;bounceIn&quot;}\">\n\t\t\t<div class=\"elementor-widget-wrap elementor-element-populated\">\n\t\t\t\t\t\t<div class=\"elementor-element elementor-element-1e14b10 elementor-widget elementor-widget-heading\" data-id=\"1e14b10\" data-element_type=\"widget\" data-e-type=\"widget\" data-widget_type=\"heading.default\">\n\t\t\t\t<div class=\"elementor-widget-container\">\n\t\t\t\t\t<h2 class=\"elementor-heading-title elementor-size-default\">Pr\u00e9stamos<\/h2>\t\t\t\t<\/div>\n\t\t\t\t<\/div>\n\t\t\t\t<div class=\"elementor-element elementor-element-bea13da elementor-widget elementor-widget-text-editor\" data-id=\"bea13da\" data-element_type=\"widget\" data-e-type=\"widget\" data-widget_type=\"text-editor.default\">\n\t\t\t\t<div class=\"elementor-widget-container\">\n\t\t\t\t\t\t\t\t\t<p>Los pr\u00e9stamos que la Cooperativa brinda se adecuan a las condiciones particulares de cada asociado, teniendo en cuenta la capacidad de repago del mismo. Las cuotas por los cr\u00e9ditos otorgados se debitan directamente sobre el recibo de sueldo del cooperativista.<\/p><p>Las formas de solicitarlo son a trav\u00e9s de los siguientes medios:<\/p><p>&#8211; pagina web:\u00a0https:\/\/www.coopmef.org.uy\/#contacto<br \/>&#8211; correo electr\u00f3nico:\u00a0cacfsmef@gmail.com<br \/>&#8211; Whastapp : 099 494 619<br \/>&#8211; Telefono : 2902 69 92<br \/>&#8211; Fax : 2908 15 49<br \/>&#8211; Personalmente en : Colonia 1315\/19<br \/>Los distintos montos, cuotas as\u00ed como sus importes se publican en forma peri\u00f3dica a trav\u00e9s de las redes sociales, por ejemplo:\u00a0<a style=\"font-family: var( --e-global-typography-text-font-family ), Sans-serif; font-weight: var( --e-global-typography-text-font-weight ); background-color: #f8f8f8; font-size: 1rem;\" href=\"https:\/\/www.facebook.com\/CACFSMEF\" target=\"_blank\" rel=\"noopener\">https:\/\/www.facebook.com\/CACFSMEF<\/a><\/p>\t\t\t\t\t\t\t\t<\/div>\n\t\t\t\t<\/div>\n\t\t\t\t\t<\/div>\n\t\t<\/div>\n\t\t\t\t<div class=\"elementor-column elementor-col-33 elementor-top-column elementor-element elementor-element-a5feb85\" data-id=\"a5feb85\" data-element_type=\"column\" data-e-type=\"column\">\n\t\t\t<div class=\"elementor-widget-wrap elementor-element-populated\">\n\t\t\t\t\t\t<div class=\"elementor-element elementor-element-5edee28 elementor-invisible elementor-widget elementor-widget-image\" data-id=\"5edee28\" data-element_type=\"widget\" data-e-type=\"widget\" data-settings=\"{&quot;motion_fx_motion_fx_mouse&quot;:&quot;yes&quot;,&quot;_animation&quot;:&quot;fadeInRight&quot;,&quot;_animation_delay&quot;:900}\" data-widget_type=\"image.default\">\n\t\t\t\t<div class=\"elementor-widget-container\">\n\t\t\t\t\t\t\t\t\t\t\t\t\t\t\t<img decoding=\"async\" src=\"https:\/\/coopmef.org.uy\/wp-content\/uploads\/2023\/05\/prestamos.jpg\" title=\"prestamos\" alt=\"prestamos\" loading=\"lazy\" \/>\t\t\t\t\t\t\t\t\t\t\t\t\t\t\t<\/div>\n\t\t\t\t<\/div>\n\t\t\t\t\t<\/div>\n\t\t<\/div>\n\t\t\t\t\t<\/div>\n\t\t<\/section>\n\t\t\t\t<\/div>\n\t\t","protected":false},"excerpt":{"rendered":"<p>Pr\u00e9stamos Los pr\u00e9stamos que la Cooperativa brinda se adecuan a las condiciones particulares de cada asociado, teniendo en cuenta la capacidad de repago del mismo. Las cuotas por los cr\u00e9ditos otorgados se debitan directamente sobre el recibo de sueldo del cooperativista. Las formas de solicitarlo son a trav\u00e9s de los siguientes medios: &#8211; pagina web:\u00a0https:\/\/www.coopmef.org.uy\/#contacto&#8211; [&hellip;]<\/p>\n","protected":false},"author":1,"featured_media":0,"parent":0,"menu_order":0,"comment_status":"closed","ping_status":"closed","template":"","meta":{"footnotes":""},"class_list":["post-1966","page","type-page","status-publish","hentry"],"_links":{"self":[{"href":"https:\/\/coopmef.org.uy\/index.php\/wp-json\/wp\/v2\/pages\/1966","targetHints":{"allow":["GET"]}}],"collection":[{"href":"https:\/\/coopmef.org.uy\/index.php\/wp-json\/wp\/v2\/pages"}],"about":[{"href":"https:\/\/coopmef.org.uy\/index.php\/wp-json\/wp\/v2\/types\/page"}],"author":[{"embeddable":true,"href":"https:\/\/coopmef.org.uy\/index.php\/wp-json\/wp\/v2\/users\/1"}],"replies":[{"embeddable":true,"href":"https:\/\/coopmef.org.uy\/index.php\/wp-json\/wp\/v2\/comments?post=1966"}],"version-history":[{"count":37,"href":"https:\/\/coopmef.org.uy\/index.php\/wp-json\/wp\/v2\/pages\/1966\/revisions"}],"predecessor-version":[{"id":2588,"href":"https:\/\/coopmef.org.uy\/index.php\/wp-json\/wp\/v2\/pages\/1966\/revisions\/2588"}],"wp:attachment":[{"href":"https:\/\/coopmef.org.uy\/index.php\/wp-json\/wp\/v2\/media?parent=1966"}],"curies":[{"name":"wp","href":"https:\/\/api.w.org\/{rel}","templated":true}]}}