{"id":1963,"date":"2022-05-23T22:49:50","date_gmt":"2022-05-23T22:49:50","guid":{"rendered":"https:\/\/pruebaagenciamarketing.com\/demo7\/?page_id=1963"},"modified":"2023-05-03T13:39:18","modified_gmt":"2023-05-03T13:39:18","slug":"biblioteca","status":"publish","type":"page","link":"https:\/\/coopmef.org.uy\/index.php\/biblioteca\/","title":{"rendered":"Biblioteca"},"content":{"rendered":"\t\t<div data-elementor-type=\"wp-page\" data-elementor-id=\"1963\" class=\"elementor elementor-1963\" data-elementor-post-type=\"page\">\n\t\t\t\t\t\t<section class=\"elementor-section elementor-top-section elementor-element elementor-element-0fc3ab4 elementor-section-boxed elementor-section-height-default elementor-section-height-default\" data-id=\"0fc3ab4\" data-element_type=\"section\" data-e-type=\"section\">\n\t\t\t\t\t\t<div class=\"elementor-container elementor-column-gap-default\">\n\t\t\t\t\t<div class=\"elementor-column elementor-col-100 elementor-top-column elementor-element elementor-element-ee1ac0b\" data-id=\"ee1ac0b\" data-element_type=\"column\" data-e-type=\"column\">\n\t\t\t<div class=\"elementor-widget-wrap elementor-element-populated\">\n\t\t\t\t\t\t<div class=\"elementor-element elementor-element-1ccd416 elementor-widget elementor-widget-spacer\" data-id=\"1ccd416\" data-element_type=\"widget\" data-e-type=\"widget\" data-widget_type=\"spacer.default\">\n\t\t\t\t<div class=\"elementor-widget-container\">\n\t\t\t\t\t\t\t<div class=\"elementor-spacer\">\n\t\t\t<div class=\"elementor-spacer-inner\"><\/div>\n\t\t<\/div>\n\t\t\t\t\t\t<\/div>\n\t\t\t\t<\/div>\n\t\t\t\t\t<\/div>\n\t\t<\/div>\n\t\t\t\t\t<\/div>\n\t\t<\/section>\n\t\t\t\t<section class=\"elementor-section elementor-top-section elementor-element elementor-element-2be5ddc elementor-section-boxed elementor-section-height-default elementor-section-height-default\" data-id=\"2be5ddc\" data-element_type=\"section\" data-e-type=\"section\" data-settings=\"{&quot;background_background&quot;:&quot;classic&quot;}\">\n\t\t\t\t\t\t<div class=\"elementor-container elementor-column-gap-default\">\n\t\t\t\t\t<div class=\"elementor-column elementor-col-50 elementor-top-column elementor-element elementor-element-66d8e8a\" data-id=\"66d8e8a\" data-element_type=\"column\" data-e-type=\"column\">\n\t\t\t<div class=\"elementor-widget-wrap elementor-element-populated\">\n\t\t\t\t\t\t<div class=\"elementor-element elementor-element-d268847 elementor-widget elementor-widget-heading\" data-id=\"d268847\" data-element_type=\"widget\" data-e-type=\"widget\" data-widget_type=\"heading.default\">\n\t\t\t\t<div class=\"elementor-widget-container\">\n\t\t\t\t\t<h2 class=\"elementor-heading-title elementor-size-default\">Biblioteca<\/h2>\t\t\t\t<\/div>\n\t\t\t\t<\/div>\n\t\t\t\t<div class=\"elementor-element elementor-element-1e785e7 elementor-widget elementor-widget-text-editor\" data-id=\"1e785e7\" data-element_type=\"widget\" data-e-type=\"widget\" data-widget_type=\"text-editor.default\">\n\t\t\t\t<div class=\"elementor-widget-container\">\n\t\t\t\t\t\t\t\t\t<p align=\"justify\">La biblioteca actualmente cuenta con aproximadamente 1.300 ejemplares de estudio que son, a\u00f1o a a\u00f1o, renovados ya sea con reemplazos o incorporaciones seg\u00fan las necesidades de los estudiantes. Estos textos son prestados por todo el a\u00f1o lectivo.<br \/>No tiene ning\u00fan costo adicional el uso de la misma.<\/p>\t\t\t\t\t\t\t\t<\/div>\n\t\t\t\t<\/div>\n\t\t\t\t\t<\/div>\n\t\t<\/div>\n\t\t\t\t<div class=\"elementor-column elementor-col-50 elementor-top-column elementor-element elementor-element-96a2200\" data-id=\"96a2200\" data-element_type=\"column\" data-e-type=\"column\">\n\t\t\t<div class=\"elementor-widget-wrap elementor-element-populated\">\n\t\t\t\t\t\t<div class=\"elementor-element elementor-element-6a94e34 elementor-invisible elementor-widget elementor-widget-image\" data-id=\"6a94e34\" data-element_type=\"widget\" data-e-type=\"widget\" data-settings=\"{&quot;_animation&quot;:&quot;zoomIn&quot;}\" data-widget_type=\"image.default\">\n\t\t\t\t<div class=\"elementor-widget-container\">\n\t\t\t\t\t\t\t\t\t\t\t\t\t\t\t<img fetchpriority=\"high\" decoding=\"async\" width=\"531\" height=\"361\" src=\"https:\/\/coopmef.org.uy\/wp-content\/uploads\/2023\/04\/biblioteca.jpg\" class=\"attachment-large size-large wp-image-2363\" alt=\"\" srcset=\"https:\/\/coopmef.org.uy\/wp-content\/uploads\/2023\/04\/biblioteca.jpg 531w, https:\/\/coopmef.org.uy\/wp-content\/uploads\/2023\/04\/biblioteca-300x204.jpg 300w\" sizes=\"(max-width: 531px) 100vw, 531px\" \/>\t\t\t\t\t\t\t\t\t\t\t\t\t\t\t<\/div>\n\t\t\t\t<\/div>\n\t\t\t\t\t<\/div>\n\t\t<\/div>\n\t\t\t\t\t<\/div>\n\t\t<\/section>\n\t\t\t\t<\/div>\n\t\t","protected":false},"excerpt":{"rendered":"<p>Biblioteca La biblioteca actualmente cuenta con aproximadamente 1.300 ejemplares de estudio que son, a\u00f1o a a\u00f1o, renovados ya sea con reemplazos o incorporaciones seg\u00fan las necesidades de los estudiantes. Estos textos son prestados por todo el a\u00f1o lectivo.No tiene ning\u00fan costo adicional el uso de la misma.<\/p>\n","protected":false},"author":1,"featured_media":0,"parent":0,"menu_order":0,"comment_status":"closed","ping_status":"closed","template":"","meta":{"footnotes":""},"class_list":["post-1963","page","type-page","status-publish","hentry"],"_links":{"self":[{"href":"https:\/\/coopmef.org.uy\/index.php\/wp-json\/wp\/v2\/pages\/1963","targetHints":{"allow":["GET"]}}],"collection":[{"href":"https:\/\/coopmef.org.uy\/index.php\/wp-json\/wp\/v2\/pages"}],"about":[{"href":"https:\/\/coopmef.org.uy\/index.php\/wp-json\/wp\/v2\/types\/page"}],"author":[{"embeddable":true,"href":"https:\/\/coopmef.org.uy\/index.php\/wp-json\/wp\/v2\/users\/1"}],"replies":[{"embeddable":true,"href":"https:\/\/coopmef.org.uy\/index.php\/wp-json\/wp\/v2\/comments?post=1963"}],"version-history":[{"count":22,"href":"https:\/\/coopmef.org.uy\/index.php\/wp-json\/wp\/v2\/pages\/1963\/revisions"}],"predecessor-version":[{"id":2626,"href":"https:\/\/coopmef.org.uy\/index.php\/wp-json\/wp\/v2\/pages\/1963\/revisions\/2626"}],"wp:attachment":[{"href":"https:\/\/coopmef.org.uy\/index.php\/wp-json\/wp\/v2\/media?parent=1963"}],"curies":[{"name":"wp","href":"https:\/\/api.w.org\/{rel}","templated":true}]}}