{"id":1601,"date":"2021-11-17T03:14:57","date_gmt":"2021-11-17T03:14:57","guid":{"rendered":"https:\/\/pruebaagenciamarketing.com\/demo2\/?page_id=1601"},"modified":"2023-05-03T15:43:39","modified_gmt":"2023-05-03T15:43:39","slug":"historia","status":"publish","type":"page","link":"https:\/\/coopmef.org.uy\/index.php\/historia\/","title":{"rendered":"Historia"},"content":{"rendered":"\t\t<div data-elementor-type=\"wp-page\" data-elementor-id=\"1601\" class=\"elementor elementor-1601\" data-elementor-post-type=\"page\">\n\t\t\t\t\t\t<section class=\"elementor-section elementor-top-section elementor-element elementor-element-65cf12c elementor-section-boxed elementor-section-height-default elementor-section-height-default\" data-id=\"65cf12c\" data-element_type=\"section\" data-e-type=\"section\">\n\t\t\t\t\t\t<div class=\"elementor-container elementor-column-gap-default\">\n\t\t\t\t\t<div class=\"elementor-column elementor-col-100 elementor-top-column elementor-element elementor-element-55cbb4a\" data-id=\"55cbb4a\" data-element_type=\"column\" data-e-type=\"column\">\n\t\t\t<div class=\"elementor-widget-wrap elementor-element-populated\">\n\t\t\t\t\t\t<div class=\"elementor-element elementor-element-0bb07f5 elementor-widget elementor-widget-spacer\" data-id=\"0bb07f5\" data-element_type=\"widget\" data-e-type=\"widget\" data-widget_type=\"spacer.default\">\n\t\t\t\t<div class=\"elementor-widget-container\">\n\t\t\t\t\t\t\t<div class=\"elementor-spacer\">\n\t\t\t<div class=\"elementor-spacer-inner\"><\/div>\n\t\t<\/div>\n\t\t\t\t\t\t<\/div>\n\t\t\t\t<\/div>\n\t\t\t\t\t<\/div>\n\t\t<\/div>\n\t\t\t\t\t<\/div>\n\t\t<\/section>\n\t\t\t\t<section class=\"elementor-section elementor-top-section elementor-element elementor-element-b5103a9 elementor-section-boxed elementor-section-height-default elementor-section-height-default\" data-id=\"b5103a9\" data-element_type=\"section\" data-e-type=\"section\" data-settings=\"{&quot;background_background&quot;:&quot;classic&quot;}\">\n\t\t\t\t\t\t<div class=\"elementor-container elementor-column-gap-default\">\n\t\t\t\t\t<div class=\"elementor-column elementor-col-100 elementor-top-column elementor-element elementor-element-72a5822 elementor-invisible\" data-id=\"72a5822\" data-element_type=\"column\" data-e-type=\"column\" data-settings=\"{&quot;animation&quot;:&quot;bounceIn&quot;}\">\n\t\t\t<div class=\"elementor-widget-wrap elementor-element-populated\">\n\t\t\t\t\t\t<div class=\"elementor-element elementor-element-463bf84 elementor-widget elementor-widget-heading\" data-id=\"463bf84\" data-element_type=\"widget\" data-e-type=\"widget\" data-widget_type=\"heading.default\">\n\t\t\t\t<div class=\"elementor-widget-container\">\n\t\t\t\t\t<h2 class=\"elementor-heading-title elementor-size-default\">Historia<\/h2>\t\t\t\t<\/div>\n\t\t\t\t<\/div>\n\t\t\t\t<div class=\"elementor-element elementor-element-43396b0 elementor-widget elementor-widget-text-editor\" data-id=\"43396b0\" data-element_type=\"widget\" data-e-type=\"widget\" data-widget_type=\"text-editor.default\">\n\t\t\t\t<div class=\"elementor-widget-container\">\n\t\t\t\t\t\t\t\t\t<p>En el mes de setiembre de 1986 los siguientes compa\u00f1eros se reunieron a los efectos de la formaci\u00f3n de una cooperativa de ahorro y cr\u00e9dito:<\/p>\n<p>Alliaume Ra\u00fal, Anzuela Fernando, Barrios Leonardo, Cano Alfredo, Ch\u00e1ves Teresa, Cooke Florence, Ducret Gladys, Fernandez Daniel, Garat Leonel, Garc\u00eda Francisco, Garc\u00eda Jorge, Garc\u00eda Martha, Ibarra Ana, Iglesias Amalia, Mir Roberto, Pati\u00f1o Raquel, Paz Ra\u00fal, Pereira Nelly R., Pommerenck Mario, Porta Myriam, Pulitano Adriana, S\u00e1nchez Ram\u00f3n, Trotta Mar\u00eda Isabel, Walter Julio, Zimmer Otto.<\/p>\n<p>Puesto a consideraci\u00f3n el Estatuto se aprueba el mismo, denomin\u00e1ndose Cooperativa de Ahorro y Cr\u00e9dito de los Funcionarios de la Secretar\u00eda del Ministerio de Econom\u00eda y Finanzas que tambi\u00e9n podr\u00e1 ser representada por la sigla \u00abC.A.C.F.S.M.E.F.\u00bb<\/p>\n<p>En las disposiciones transitorias del texto aprobado, se nombra autoridades provisorias hasta que se obtenga la personer\u00eda jur\u00eddica de la cooperativa. Luego de obtenida la misma, se deber\u00e1 llamar a elecciones generales en un plazo de 30 d\u00edas para que surjan las autoridades definitivas para el primer per\u00edodo de gesti\u00f3n de la C.A.C.F.S.M.E.F.<\/p>\n<p>Es as\u00ed que el 31 de agosto de 1987 se realiza el acto eleccionario y el d\u00eda 7 de octubre de 1987 el consejo directivo provisorio se re\u00fane para proclamar las autoridades definitivas surgidas de dicho acto eleccionario para el periodo 1987\/1989.-<\/p>\n<p><\/p>\n<p><strong>AUTORIDADES DEL PRIMER CONSEJO DIRECTIVO<\/strong><\/p>\n<ul>\n<li>Garc\u00eda, Francisco Presidente<\/li>\n<li>Alliaume, Ra\u00fal Secretario<\/li>\n<li>Pommerenck, Ernesto Tesorero<\/li>\n<li>Pati\u00f1o, Raquel Vocal<\/li>\n<li>Pulitano, Adriana Vocal<\/li>\n<\/ul>\n<p>Cuatro a\u00f1os despu\u00e9s, el 22 de agosto de 1991 se re\u00fane la Asamblea General Extraordinaria en 2do. Llamado para tratar la adquisici\u00f3n de la primer Sede Social ubicada en la calle Antonio Machado. En esa Asamblea no s\u00f3lo se trato la adquisici\u00f3n de dicha sede, sino tambi\u00e9n la forma de adquirirla que hab\u00eda propuesto el Consejo Directivo.<\/p>\n<p>El resultado de la Asamblea fue favorable a la adquisici\u00f3n de la Sede Social, as\u00ed como el endeudamiento propuesto. Este endeudamiento consist\u00eda en que 11 cooperativistas solicitar\u00edan el pr\u00e9stamo social del Banco Rep\u00fablica, volc\u00e1ndolo en su integridad a los fines propuestos.<\/p>\n<p><strong>Estos cooperativistas fueron:<\/strong><\/p>\n<p>Garc\u00eda, Francisco<br>Ibarra, Ana<br>Chaves, Teresa<br>Cedr\u00e9s, Cono<br>Pizzorno, Rita<br>Zimmer, Otto<br>Barrios, Leonardo<br>Lobos, Jos\u00e9<br>Rodr\u00edguez, Norma<br>Pommerenck, Mario<br>Gerard, Roberto.<\/p>\n<p>La cooperativa les devolver\u00eda (y as\u00ed sucedi\u00f3), el mismo d\u00eda de cobro la cuota que el B.R.O.U. les hab\u00eda retenido a cada uno de estos once cooperativistas.<\/p>\t\t\t\t\t\t\t\t<\/div>\n\t\t\t\t<\/div>\n\t\t\t\t\t<\/div>\n\t\t<\/div>\n\t\t\t\t\t<\/div>\n\t\t<\/section>\n\t\t\t\t<\/div>\n\t\t","protected":false},"excerpt":{"rendered":"<p>Historia En el mes de setiembre de 1986 los siguientes compa\u00f1eros se reunieron a los efectos de la formaci\u00f3n de una cooperativa de ahorro y cr\u00e9dito: Alliaume Ra\u00fal, Anzuela Fernando, Barrios Leonardo, Cano Alfredo, Ch\u00e1ves Teresa, Cooke Florence, Ducret Gladys, Fernandez Daniel, Garat Leonel, Garc\u00eda Francisco, Garc\u00eda Jorge, Garc\u00eda Martha, Ibarra Ana, Iglesias Amalia, Mir [&hellip;]<\/p>\n","protected":false},"author":1,"featured_media":0,"parent":0,"menu_order":0,"comment_status":"closed","ping_status":"closed","template":"","meta":{"footnotes":""},"class_list":["post-1601","page","type-page","status-publish","hentry"],"_links":{"self":[{"href":"https:\/\/coopmef.org.uy\/index.php\/wp-json\/wp\/v2\/pages\/1601","targetHints":{"allow":["GET"]}}],"collection":[{"href":"https:\/\/coopmef.org.uy\/index.php\/wp-json\/wp\/v2\/pages"}],"about":[{"href":"https:\/\/coopmef.org.uy\/index.php\/wp-json\/wp\/v2\/types\/page"}],"author":[{"embeddable":true,"href":"https:\/\/coopmef.org.uy\/index.php\/wp-json\/wp\/v2\/users\/1"}],"replies":[{"embeddable":true,"href":"https:\/\/coopmef.org.uy\/index.php\/wp-json\/wp\/v2\/comments?post=1601"}],"version-history":[{"count":48,"href":"https:\/\/coopmef.org.uy\/index.php\/wp-json\/wp\/v2\/pages\/1601\/revisions"}],"predecessor-version":[{"id":2646,"href":"https:\/\/coopmef.org.uy\/index.php\/wp-json\/wp\/v2\/pages\/1601\/revisions\/2646"}],"wp:attachment":[{"href":"https:\/\/coopmef.org.uy\/index.php\/wp-json\/wp\/v2\/media?parent=1601"}],"curies":[{"name":"wp","href":"https:\/\/api.w.org\/{rel}","templated":true}]}}