{"id":1544,"date":"2021-11-16T23:13:24","date_gmt":"2021-11-16T23:13:24","guid":{"rendered":"https:\/\/pruebaagenciamarketing.com\/demo2\/?page_id=1544"},"modified":"2023-05-05T14:25:04","modified_gmt":"2023-05-05T14:25:04","slug":"asesoramiento-y-patrocinio-juridico","status":"publish","type":"page","link":"https:\/\/coopmef.org.uy\/index.php\/asesoramiento-y-patrocinio-juridico\/","title":{"rendered":"Asesoramiento y patrocinio jur\u00eddico"},"content":{"rendered":"\t\t<div data-elementor-type=\"wp-page\" data-elementor-id=\"1544\" class=\"elementor elementor-1544\" data-elementor-post-type=\"page\">\n\t\t\t\t\t\t<section class=\"elementor-section elementor-top-section elementor-element elementor-element-d6632e3 elementor-section-boxed elementor-section-height-default elementor-section-height-default\" data-id=\"d6632e3\" data-element_type=\"section\" data-e-type=\"section\">\n\t\t\t\t\t\t<div class=\"elementor-container elementor-column-gap-default\">\n\t\t\t\t\t<div class=\"elementor-column elementor-col-100 elementor-top-column elementor-element elementor-element-a777632\" data-id=\"a777632\" data-element_type=\"column\" data-e-type=\"column\">\n\t\t\t<div class=\"elementor-widget-wrap elementor-element-populated\">\n\t\t\t\t\t\t<div class=\"elementor-element elementor-element-1c54aae elementor-widget elementor-widget-spacer\" data-id=\"1c54aae\" data-element_type=\"widget\" data-e-type=\"widget\" data-widget_type=\"spacer.default\">\n\t\t\t\t<div class=\"elementor-widget-container\">\n\t\t\t\t\t\t\t<div class=\"elementor-spacer\">\n\t\t\t<div class=\"elementor-spacer-inner\"><\/div>\n\t\t<\/div>\n\t\t\t\t\t\t<\/div>\n\t\t\t\t<\/div>\n\t\t\t\t\t<\/div>\n\t\t<\/div>\n\t\t\t\t\t<\/div>\n\t\t<\/section>\n\t\t\t\t<section class=\"elementor-section elementor-top-section elementor-element elementor-element-0cb5703 elementor-section-boxed elementor-section-height-default elementor-section-height-default\" data-id=\"0cb5703\" data-element_type=\"section\" data-e-type=\"section\" data-settings=\"{&quot;background_background&quot;:&quot;classic&quot;}\">\n\t\t\t\t\t\t<div class=\"elementor-container elementor-column-gap-default\">\n\t\t\t\t\t<div class=\"elementor-column elementor-col-50 elementor-top-column elementor-element elementor-element-8171e50\" data-id=\"8171e50\" data-element_type=\"column\" data-e-type=\"column\">\n\t\t\t<div class=\"elementor-widget-wrap elementor-element-populated\">\n\t\t\t\t\t\t<div class=\"elementor-element elementor-element-e38d96d elementor-widget elementor-widget-heading\" data-id=\"e38d96d\" data-element_type=\"widget\" data-e-type=\"widget\" data-widget_type=\"heading.default\">\n\t\t\t\t<div class=\"elementor-widget-container\">\n\t\t\t\t\t<h2 class=\"elementor-heading-title elementor-size-default\">Asesoramiento<\/h2>\t\t\t\t<\/div>\n\t\t\t\t<\/div>\n\t\t\t\t<div class=\"elementor-element elementor-element-1662f4e elementor-widget elementor-widget-text-editor\" data-id=\"1662f4e\" data-element_type=\"widget\" data-e-type=\"widget\" data-widget_type=\"text-editor.default\">\n\t\t\t\t<div class=\"elementor-widget-container\">\n\t\t\t\t\t\t\t\t\t<p><strong>Dentro de nuestros beneficios ofrecemos asesoramiento jur\u00eddico:<\/strong><\/p><ul><li>Evacuamos consultas en todas las \u00e1reas del derecho sin costos.<\/li><li>Las mismas se pueden realizar por todas las vias de comunicaci\u00f3n que dispone la Cooperativa.<\/li><li>Tambi\u00e9n contamos con patrocinio jur\u00eddico y notarial con costos bonificados.<\/li><\/ul>\t\t\t\t\t\t\t\t<\/div>\n\t\t\t\t<\/div>\n\t\t\t\t\t<\/div>\n\t\t<\/div>\n\t\t\t\t<div class=\"elementor-column elementor-col-50 elementor-top-column elementor-element elementor-element-bb6cd1e\" data-id=\"bb6cd1e\" data-element_type=\"column\" data-e-type=\"column\">\n\t\t\t<div class=\"elementor-widget-wrap elementor-element-populated\">\n\t\t\t\t\t\t<div class=\"elementor-element elementor-element-e6933d8 elementor-invisible elementor-widget elementor-widget-image\" data-id=\"e6933d8\" data-element_type=\"widget\" data-e-type=\"widget\" data-settings=\"{&quot;_animation&quot;:&quot;fadeInLeft&quot;}\" data-widget_type=\"image.default\">\n\t\t\t\t<div class=\"elementor-widget-container\">\n\t\t\t\t\t\t\t\t\t\t\t\t\t\t\t<img fetchpriority=\"high\" decoding=\"async\" width=\"800\" height=\"533\" src=\"https:\/\/coopmef.org.uy\/wp-content\/uploads\/2023\/04\/Asesoramiento-Juridico.jpg\" class=\"attachment-large size-large wp-image-2476\" alt=\"\" srcset=\"https:\/\/coopmef.org.uy\/wp-content\/uploads\/2023\/04\/Asesoramiento-Juridico.jpg 800w, https:\/\/coopmef.org.uy\/wp-content\/uploads\/2023\/04\/Asesoramiento-Juridico-300x200.jpg 300w, https:\/\/coopmef.org.uy\/wp-content\/uploads\/2023\/04\/Asesoramiento-Juridico-768x512.jpg 768w\" sizes=\"(max-width: 800px) 100vw, 800px\" \/>\t\t\t\t\t\t\t\t\t\t\t\t\t\t\t<\/div>\n\t\t\t\t<\/div>\n\t\t\t\t\t<\/div>\n\t\t<\/div>\n\t\t\t\t\t<\/div>\n\t\t<\/section>\n\t\t\t\t<\/div>\n\t\t","protected":false},"excerpt":{"rendered":"<p>Asesoramiento Dentro de nuestros beneficios ofrecemos asesoramiento jur\u00eddico: Evacuamos consultas en todas las \u00e1reas del derecho sin costos. Las mismas se pueden realizar por todas las vias de comunicaci\u00f3n que dispone la Cooperativa. Tambi\u00e9n contamos con patrocinio jur\u00eddico y notarial con costos bonificados.<\/p>\n","protected":false},"author":1,"featured_media":0,"parent":0,"menu_order":0,"comment_status":"closed","ping_status":"closed","template":"","meta":{"footnotes":""},"class_list":["post-1544","page","type-page","status-publish","hentry"],"_links":{"self":[{"href":"https:\/\/coopmef.org.uy\/index.php\/wp-json\/wp\/v2\/pages\/1544","targetHints":{"allow":["GET"]}}],"collection":[{"href":"https:\/\/coopmef.org.uy\/index.php\/wp-json\/wp\/v2\/pages"}],"about":[{"href":"https:\/\/coopmef.org.uy\/index.php\/wp-json\/wp\/v2\/types\/page"}],"author":[{"embeddable":true,"href":"https:\/\/coopmef.org.uy\/index.php\/wp-json\/wp\/v2\/users\/1"}],"replies":[{"embeddable":true,"href":"https:\/\/coopmef.org.uy\/index.php\/wp-json\/wp\/v2\/comments?post=1544"}],"version-history":[{"count":69,"href":"https:\/\/coopmef.org.uy\/index.php\/wp-json\/wp\/v2\/pages\/1544\/revisions"}],"predecessor-version":[{"id":2731,"href":"https:\/\/coopmef.org.uy\/index.php\/wp-json\/wp\/v2\/pages\/1544\/revisions\/2731"}],"wp:attachment":[{"href":"https:\/\/coopmef.org.uy\/index.php\/wp-json\/wp\/v2\/media?parent=1544"}],"curies":[{"name":"wp","href":"https:\/\/api.w.org\/{rel}","templated":true}]}}